{"id":10,"date":"2020-02-18T11:31:43","date_gmt":"2020-02-18T11:31:43","guid":{"rendered":"https:\/\/demo35.houzez.co\/?page_id=10"},"modified":"2024-08-29T12:31:24","modified_gmt":"2024-08-29T09:31:24","slug":"home-default","status":"publish","type":"page","link":"https:\/\/www.jurmalaestate.lv\/lv\/","title":{"rendered":"S\u0101kums"},"content":{"rendered":"\t\t<div data-elementor-type=\"wp-page\" data-elementor-id=\"10\" class=\"elementor elementor-10\" data-elementor-post-type=\"page\">\n\t\t\t\t<div class=\"elementor-element elementor-element-2f2b48b e-con-full e-flex e-con e-parent\" data-id=\"2f2b48b\" data-element_type=\"container\" data-settings=\"{&quot;background_background&quot;:&quot;video&quot;,&quot;background_video_link&quot;:&quot;https:\\\/\\\/youtu.be\\\/qOy31MDyYXE&quot;,&quot;background_play_on_mobile&quot;:&quot;yes&quot;}\">\n\t\t<div class=\"elementor-background-video-container\">\n\t\t\t\t\t\t\t<div class=\"elementor-background-video-embed\"><\/div>\n\t\t\t\t\t\t<\/div><div class=\"elementor-element elementor-element-8c23596 e-flex e-con-boxed e-con e-child\" data-id=\"8c23596\" data-element_type=\"container\">\n\t\t\t\t\t<div class=\"e-con-inner\">\n\t\t\t\t<div class=\"elementor-element elementor-element-dcb80de elementor-widget elementor-widget-heading\" data-id=\"dcb80de\" data-element_type=\"widget\" data-widget_type=\"heading.default\">\n\t\t\t\t<div class=\"elementor-widget-container\">\n\t\t\t<style>\/*! elementor - v3.22.0 - 26-06-2024 *\/\n.elementor-heading-title{padding:0;margin:0;line-height:1}.elementor-widget-heading .elementor-heading-title[class*=elementor-size-]>a{color:inherit;font-size:inherit;line-height:inherit}.elementor-widget-heading .elementor-heading-title.elementor-size-small{font-size:15px}.elementor-widget-heading .elementor-heading-title.elementor-size-medium{font-size:19px}.elementor-widget-heading .elementor-heading-title.elementor-size-large{font-size:29px}.elementor-widget-heading .elementor-heading-title.elementor-size-xl{font-size:39px}.elementor-widget-heading .elementor-heading-title.elementor-size-xxl{font-size:59px}<\/style><h2 class=\"elementor-heading-title elementor-size-default\">JURMALAESTATE\u200b<\/h2>\t\t<\/div>\n\t\t\t\t<\/div>\n\t\t\t\t<div class=\"elementor-element elementor-element-88aabc2 elementor-widget__width-initial elementor-widget-tablet__width-initial elementor-invisible elementor-widget elementor-widget-heading\" data-id=\"88aabc2\" data-element_type=\"widget\" data-settings=\"{&quot;_animation&quot;:&quot;fadeInUp&quot;}\" data-widget_type=\"heading.default\">\n\t\t\t\t<div class=\"elementor-widget-container\">\n\t\t\t<p class=\"elementor-heading-title elementor-size-default\">J\u016bsu sap\u0146u m\u0101jas vis\u0101 Latvij\u0101, kur komforts un elegance satiekas ar dabas skaistumu un piekrastes burv\u012bbu.<\/p>\t\t<\/div>\n\t\t\t\t<\/div>\n\t\t<div class=\"elementor-element elementor-element-925ccc2 e-flex e-con-boxed e-con e-child\" data-id=\"925ccc2\" data-element_type=\"container\">\n\t\t\t\t\t<div class=\"e-con-inner\">\n\t\t\t\t<div class=\"elementor-element elementor-element-8d395e8 elementor-view-default elementor-widget elementor-widget-icon\" data-id=\"8d395e8\" data-element_type=\"widget\" data-widget_type=\"icon.default\">\n\t\t\t\t<div class=\"elementor-widget-container\">\n\t\t\t\t\t<div class=\"elementor-icon-wrapper\">\n\t\t\t<a class=\"elementor-icon\" href=\"#Aktualie\">\n\t\t\t<svg aria-hidden=\"true\" class=\"e-font-icon-svg e-fas-arrow-down\" viewBox=\"0 0 448 512\" xmlns=\"http:\/\/www.w3.org\/2000\/svg\"><path d=\"M413.1 222.5l22.2 22.2c9.4 9.4 9.4 24.6 0 33.9L241 473c-9.4 9.4-24.6 9.4-33.9 0L12.7 278.6c-9.4-9.4-9.4-24.6 0-33.9l22.2-22.2c9.5-9.5 25-9.3 34.3.4L184 343.4V56c0-13.3 10.7-24 24-24h32c13.3 0 24 10.7 24 24v287.4l114.8-120.5c9.3-9.8 24.8-10 34.3-.4z\"><\/path><\/svg>\t\t\t<\/a>\n\t\t<\/div>\n\t\t\t\t<\/div>\n\t\t\t\t<\/div>\n\t\t\t\t\t<\/div>\n\t\t\t\t<\/div>\n\t\t\t\t\t<\/div>\n\t\t\t\t<\/div>\n\t\t\t\t<\/div>\n\t\t<div class=\"elementor-element elementor-element-b38a101 e-flex e-con-boxed e-con e-parent\" data-id=\"b38a101\" data-element_type=\"container\" data-settings=\"{&quot;background_background&quot;:&quot;classic&quot;}\">\n\t\t\t\t\t<div class=\"e-con-inner\">\n\t\t\t\t<div class=\"elementor-element elementor-element-f0b8b8d elementor-invisible elementor-widget elementor-widget-heading\" data-id=\"f0b8b8d\" data-element_type=\"widget\" data-settings=\"{&quot;_animation&quot;:&quot;fadeInUp&quot;}\" data-widget_type=\"heading.default\">\n\t\t\t\t<div class=\"elementor-widget-container\">\n\t\t\t<h2 class=\"elementor-heading-title elementor-size-default\"><a href=\"#Aktualie\">AKTU\u0100LIE \u012aPA\u0160UMi<\/a><\/h2>\t\t<\/div>\n\t\t\t\t<\/div>\n\t\t\t\t<div class=\"elementor-element elementor-element-a7e2cca elementor-widget elementor-widget-menu-anchor\" data-id=\"a7e2cca\" data-element_type=\"widget\" data-widget_type=\"menu-anchor.default\">\n\t\t\t\t<div class=\"elementor-widget-container\">\n\t\t\t<style>\/*! elementor - v3.22.0 - 26-06-2024 *\/\nbody.elementor-page .elementor-widget-menu-anchor{margin-bottom:0}<\/style>\t\t<div class=\"elementor-menu-anchor\" id=\"Aktualie\"><\/div>\n\t\t\t\t<\/div>\n\t\t\t\t<\/div>\n\t\t\t\t<div class=\"elementor-element elementor-element-d3c225f elementor-widget elementor-widget-spacer\" data-id=\"d3c225f\" data-element_type=\"widget\" data-widget_type=\"spacer.default\">\n\t\t\t\t<div class=\"elementor-widget-container\">\n\t\t\t<style>\/*! elementor - v3.22.0 - 26-06-2024 *\/\n.elementor-column .elementor-spacer-inner{height:var(--spacer-size)}.e-con{--container-widget-width:100%}.e-con-inner>.elementor-widget-spacer,.e-con>.elementor-widget-spacer{width:var(--container-widget-width,var(--spacer-size));--align-self:var(--container-widget-align-self,initial);--flex-shrink:0}.e-con-inner>.elementor-widget-spacer>.elementor-widget-container,.e-con>.elementor-widget-spacer>.elementor-widget-container{height:100%;width:100%}.e-con-inner>.elementor-widget-spacer>.elementor-widget-container>.elementor-spacer,.e-con>.elementor-widget-spacer>.elementor-widget-container>.elementor-spacer{height:100%}.e-con-inner>.elementor-widget-spacer>.elementor-widget-container>.elementor-spacer>.elementor-spacer-inner,.e-con>.elementor-widget-spacer>.elementor-widget-container>.elementor-spacer>.elementor-spacer-inner{height:var(--container-widget-height,var(--spacer-size))}.e-con-inner>.elementor-widget-spacer.elementor-widget-empty,.e-con>.elementor-widget-spacer.elementor-widget-empty{position:relative;min-height:22px;min-width:22px}.e-con-inner>.elementor-widget-spacer.elementor-widget-empty .elementor-widget-empty-icon,.e-con>.elementor-widget-spacer.elementor-widget-empty .elementor-widget-empty-icon{position:absolute;top:0;bottom:0;left:0;right:0;margin:auto;padding:0;width:22px;height:22px}<\/style>\t\t<div class=\"elementor-spacer\">\n\t\t\t<div class=\"elementor-spacer-inner\"><\/div>\n\t\t<\/div>\n\t\t\t\t<\/div>\n\t\t\t\t<\/div>\n\t\t\t\t<div class=\"elementor-element elementor-element-4f44c73 elementor-widget elementor-widget-houzez_elementor_property-card-v1\" data-id=\"4f44c73\" data-element_type=\"widget\" data-widget_type=\"houzez_elementor_property-card-v1.default\">\n\t\t\t\t<div class=\"elementor-widget-container\">\n\t\t\t\t\t\r\n\t\t<div id=\"properties_module_section\" class=\"property-cards-module property-cards-module-v1 property-cards-module-3-cols\">\r\n\t\t\t<div id=\"module_properties\" class=\"listing-view grid-view card-deck grid-view-3-cols\">\r\n\t\t\t\t<div class=\"item-listing-wrap hz-item-gallery-js card\" data-hz-id=\"hz-20452\" data-images=\"[{&quot;image&quot;:&quot;https:\\\/\\\/www.jurmalaestate.lv\\\/wp-content\\\/uploads\\\/2024\\\/11\\\/EAF08709-592x444.jpg&quot;,&quot;alt&quot;:&quot;&quot;,&quot;width&quot;:592,&quot;height&quot;:444},{&quot;image&quot;:&quot;https:\\\/\\\/www.jurmalaestate.lv\\\/wp-content\\\/uploads\\\/2024\\\/04\\\/EAF08851-592x444.jpg&quot;,&quot;alt&quot;:&quot;&quot;,&quot;width&quot;:592,&quot;height&quot;:444},{&quot;image&quot;:&quot;https:\\\/\\\/www.jurmalaestate.lv\\\/wp-content\\\/uploads\\\/2024\\\/11\\\/EAF08719-592x444.jpg&quot;,&quot;alt&quot;:&quot;&quot;,&quot;width&quot;:592,&quot;height&quot;:444},{&quot;image&quot;:&quot;https:\\\/\\\/www.jurmalaestate.lv\\\/wp-content\\\/uploads\\\/2024\\\/11\\\/EAF08709-592x444.jpg&quot;,&quot;alt&quot;:&quot;&quot;,&quot;width&quot;:592,&quot;height&quot;:444},{&quot;image&quot;:&quot;https:\\\/\\\/www.jurmalaestate.lv\\\/wp-content\\\/uploads\\\/2024\\\/11\\\/EAF08728-592x444.jpg&quot;,&quot;alt&quot;:&quot;&quot;,&quot;width&quot;:592,&quot;height&quot;:444},{&quot;image&quot;:&quot;https:\\\/\\\/www.jurmalaestate.lv\\\/wp-content\\\/uploads\\\/2024\\\/11\\\/EAF08786-2-592x444.jpg&quot;,&quot;alt&quot;:&quot;&quot;,&quot;width&quot;:592,&quot;height&quot;:444},{&quot;image&quot;:&quot;https:\\\/\\\/www.jurmalaestate.lv\\\/wp-content\\\/uploads\\\/2024\\\/11\\\/EAF08737-592x444.jpg&quot;,&quot;alt&quot;:&quot;&quot;,&quot;width&quot;:592,&quot;height&quot;:444},{&quot;image&quot;:&quot;https:\\\/\\\/www.jurmalaestate.lv\\\/wp-content\\\/uploads\\\/2024\\\/04\\\/EAF08589-2-592x444.jpg&quot;,&quot;alt&quot;:&quot;&quot;,&quot;width&quot;:592,&quot;height&quot;:444},{&quot;image&quot;:&quot;https:\\\/\\\/www.jurmalaestate.lv\\\/wp-content\\\/uploads\\\/2024\\\/04\\\/EAF08647-592x444.jpg&quot;,&quot;alt&quot;:&quot;&quot;,&quot;width&quot;:592,&quot;height&quot;:444},{&quot;image&quot;:&quot;https:\\\/\\\/www.jurmalaestate.lv\\\/wp-content\\\/uploads\\\/2024\\\/04\\\/EAF08653-592x444.jpg&quot;,&quot;alt&quot;:&quot;&quot;,&quot;width&quot;:592,&quot;height&quot;:444},{&quot;image&quot;:&quot;https:\\\/\\\/www.jurmalaestate.lv\\\/wp-content\\\/uploads\\\/2024\\\/04\\\/EAF08588-592x444.jpg&quot;,&quot;alt&quot;:&quot;&quot;,&quot;width&quot;:592,&quot;height&quot;:444},{&quot;image&quot;:&quot;https:\\\/\\\/www.jurmalaestate.lv\\\/wp-content\\\/uploads\\\/2024\\\/04\\\/EAF08659-592x444.jpg&quot;,&quot;alt&quot;:&quot;&quot;,&quot;width&quot;:592,&quot;height&quot;:444},{&quot;image&quot;:&quot;https:\\\/\\\/www.jurmalaestate.lv\\\/wp-content\\\/uploads\\\/2024\\\/04\\\/EAF08679-592x444.jpg&quot;,&quot;alt&quot;:&quot;&quot;,&quot;width&quot;:592,&quot;height&quot;:444},{&quot;image&quot;:&quot;https:\\\/\\\/www.jurmalaestate.lv\\\/wp-content\\\/uploads\\\/2024\\\/04\\\/EAF08673-592x444.jpg&quot;,&quot;alt&quot;:&quot;&quot;,&quot;width&quot;:592,&quot;height&quot;:444},{&quot;image&quot;:&quot;https:\\\/\\\/www.jurmalaestate.lv\\\/wp-content\\\/uploads\\\/2024\\\/04\\\/EAF08608-592x444.jpg&quot;,&quot;alt&quot;:&quot;&quot;,&quot;width&quot;:592,&quot;height&quot;:444},{&quot;image&quot;:&quot;https:\\\/\\\/www.jurmalaestate.lv\\\/wp-content\\\/uploads\\\/2024\\\/04\\\/EAF08603-592x444.jpg&quot;,&quot;alt&quot;:&quot;&quot;,&quot;width&quot;:592,&quot;height&quot;:444},{&quot;image&quot;:&quot;https:\\\/\\\/www.jurmalaestate.lv\\\/wp-content\\\/uploads\\\/2024\\\/04\\\/EAF08591-592x444.jpg&quot;,&quot;alt&quot;:&quot;&quot;,&quot;width&quot;:592,&quot;height&quot;:444},{&quot;image&quot;:&quot;https:\\\/\\\/www.jurmalaestate.lv\\\/wp-content\\\/uploads\\\/2024\\\/04\\\/EAF08633-592x444.jpg&quot;,&quot;alt&quot;:&quot;&quot;,&quot;width&quot;:592,&quot;height&quot;:444},{&quot;image&quot;:&quot;https:\\\/\\\/www.jurmalaestate.lv\\\/wp-content\\\/uploads\\\/2024\\\/11\\\/EAF08707-592x444.jpg&quot;,&quot;alt&quot;:&quot;&quot;,&quot;width&quot;:592,&quot;height&quot;:444},{&quot;image&quot;:&quot;https:\\\/\\\/www.jurmalaestate.lv\\\/wp-content\\\/uploads\\\/2024\\\/11\\\/EAF08803-592x444.jpg&quot;,&quot;alt&quot;:&quot;&quot;,&quot;width&quot;:592,&quot;height&quot;:444},{&quot;image&quot;:&quot;https:\\\/\\\/www.jurmalaestate.lv\\\/wp-content\\\/uploads\\\/2024\\\/04\\\/EAF08682-592x444.jpg&quot;,&quot;alt&quot;:&quot;&quot;,&quot;width&quot;:592,&quot;height&quot;:444},{&quot;image&quot;:&quot;https:\\\/\\\/www.jurmalaestate.lv\\\/wp-content\\\/uploads\\\/2024\\\/04\\\/EAF08691-592x444.jpg&quot;,&quot;alt&quot;:&quot;&quot;,&quot;width&quot;:592,&quot;height&quot;:444},{&quot;image&quot;:&quot;https:\\\/\\\/www.jurmalaestate.lv\\\/wp-content\\\/uploads\\\/2024\\\/11\\\/EAF08753-592x444.jpg&quot;,&quot;alt&quot;:&quot;&quot;,&quot;width&quot;:592,&quot;height&quot;:444},{&quot;image&quot;:&quot;https:\\\/\\\/www.jurmalaestate.lv\\\/wp-content\\\/uploads\\\/2024\\\/11\\\/EAF08764-2-592x444.jpg&quot;,&quot;alt&quot;:&quot;&quot;,&quot;width&quot;:592,&quot;height&quot;:444},{&quot;image&quot;:&quot;https:\\\/\\\/www.jurmalaestate.lv\\\/wp-content\\\/uploads\\\/2024\\\/11\\\/EAF08795-592x444.jpg&quot;,&quot;alt&quot;:&quot;&quot;,&quot;width&quot;:592,&quot;height&quot;:444}]\">\n\t<div class=\"item-wrap item-wrap-v1 item-wrap-no-frame h-100\">\n\t\t<div class=\"d-flex align-items-center h-100\">\n\t\t\t<div class=\"item-header\">\n\t\t\t\t\t\t\t\t<div class=\"labels-wrap labels-right\"> \n\n\t<a href=\"https:\/\/www.jurmalaestate.lv\/lv\/status\/pardosana\/\" class=\"label-status label status-color-31\">\n\t\t\t\t\tP\u0101rdo\u0161an\u0101\n\t\t\t\t<\/a>       \n\n<\/div>\n\t\t\t\t<ul class=\"item-price-wrap hide-on-list\">\n\t<li class=\"item-price\">\u20ac400 000\/Cena<\/li><\/ul>\t\t\t\t<ul class=\"item-tools\">\n\n        <li class=\"item-tool item-preview\">\n        <span class=\"hz-show-lightbox-js\" data-listid=\"20452\" data-toggle=\"tooltip\" data-placement=\"top\" title=\"Preview\">\n                <i class=\"houzez-icon icon-expand-3\"><\/i>   \n        <\/span><!-- item-tool-favorite -->\n    <\/li><!-- item-tool -->\n        \n        <li class=\"item-tool item-favorite\">\n        <span class=\"add-favorite-js item-tool-favorite\" data-toggle=\"tooltip\" data-placement=\"top\" title=\"Favourite\" data-listid=\"20452\">\n            <i class=\"houzez-icon icon-love-it \"><\/i> \n        <\/span><!-- item-tool-favorite -->\n    <\/li><!-- item-tool -->\n    \n        <li class=\"item-tool item-compare\">\n        <span class=\"houzez_compare compare-20452 item-tool-compare show-compare-panel\" data-toggle=\"tooltip\" data-placement=\"top\" title=\"Add to Compare\" data-listing_id=\"20452\" data-listing_image=\"https:\/\/www.jurmalaestate.lv\/wp-content\/uploads\/2024\/11\/EAF08709-592x444.jpg\">\n            <i class=\"houzez-icon icon-add-circle\"><\/i>\n        <\/span><!-- item-tool-compare -->\n    <\/li><!-- item-tool -->\n    <\/ul><!-- item-tools -->\n\t\t\t\t<div class=\"listing-image-wrap\">\n\t<div class=\"listing-thumb\">\n\t\t<a target=_self href=\"https:\/\/www.jurmalaestate.lv\/lv\/property\/skolas-iela-14-riga-centrs\/\" class=\"listing-featured-thumb hover-effect\">\n\t\t\t<img fetchpriority=\"high\" decoding=\"async\" width=\"592\" height=\"444\" src=\"https:\/\/www.jurmalaestate.lv\/wp-content\/uploads\/2024\/11\/EAF08709-592x444.jpg\" class=\"img-fluid wp-post-image\" alt=\"\" srcset=\"https:\/\/www.jurmalaestate.lv\/wp-content\/uploads\/2024\/11\/EAF08709-592x444.jpg 592w, https:\/\/www.jurmalaestate.lv\/wp-content\/uploads\/2024\/11\/EAF08709-584x438.jpg 584w, https:\/\/www.jurmalaestate.lv\/wp-content\/uploads\/2024\/11\/EAF08709-120x90.jpg 120w\" sizes=\"(max-width: 592px) 100vw, 592px\" \/>\t\t<\/a><!-- hover-effect -->\n\t<\/div>\n<\/div>\n\t\t\t\t<div class=\"preview_loader\"><\/div>\n\t\t\t<\/div><!-- item-header -->\t\n\t\t\t<div class=\"item-body flex-grow-1\">\n\t\t\t\t<div class=\"labels-wrap labels-right\"> \n\n\t<a href=\"https:\/\/www.jurmalaestate.lv\/lv\/status\/pardosana\/\" class=\"label-status label status-color-31\">\n\t\t\t\t\tP\u0101rdo\u0161an\u0101\n\t\t\t\t<\/a>       \n\n<\/div>\n\t\t\t\t<h2 class=\"item-title\">\n\t<a target=_self href=\"https:\/\/www.jurmalaestate.lv\/lv\/property\/skolas-iela-14-riga-centrs\/\">Skolas iela 14, R\u012bga, Centrs<\/a>\n<\/h2><!-- item-title -->\t\t\t\t<ul class=\"item-price-wrap hide-on-list\">\n\t<li class=\"item-price\">\u20ac400 000\/Cena<\/li><\/ul>\t\t\t\t<address class=\"item-address\">14, Skolas iela, Centrs, Centra apkaime, R\u012bga, LV-1010, Latvija<\/address>\t\t\t\t\t\t\t\t<ul class=\"item-amenities item-amenities-with-icons\">\n\t<li class=\"h-beds\"><i class=\"houzez-icon icon-hotel-double-bed-1 mr-1\"><\/i><span class=\"item-amenities-text\">Beds:<\/span> <span class=\"hz-figure\">2<\/span><\/li><li class=\"h-baths\"><i class=\"houzez-icon icon-bathroom-shower-1 mr-1\"><\/i><span class=\"item-amenities-text\">Baths:<\/span> <span class=\"hz-figure\">2<\/span><\/li><li class=\"h-area\"><i class=\"houzez-icon icon-ruler-triangle mr-1\"><\/i><span class=\"hz-figure\">169<\/span> <span class=\"hz-figure area_postfix\">m2<\/span><\/li><li class=\"h-type\"><span>Dz\u012bvoklis<\/span><\/li><\/ul>\t\t\t\t<a class=\"btn btn-primary btn-item \" target=_self href=\"https:\/\/www.jurmalaestate.lv\/lv\/property\/skolas-iela-14-riga-centrs\/\">\n\tDetails<\/a><!-- btn-item -->\n\t\t\t\t<div class=\"item-author\">\n\t<i class=\"houzez-icon icon-single-neutral mr-1\"><\/i>\n\t<a href=\"https:\/\/www.jurmalaestate.lv\/lv\/agent\/elena-eihenbaum\/\">Elena Eihenbaum<\/a> <\/div><!-- item-author -->\n\t\t\t\t<div class=\"item-date\">\n\t<i class=\"houzez-icon icon-attachment mr-1\"><\/i>\n\t1 year ago<\/div><!-- item-date -->\n\t\t\t<\/div><!-- item-body -->\n\n\t\t\t\t\t\t<div class=\"item-footer clearfix\">\n\t\t\t\t<div class=\"item-author\">\n\t<i class=\"houzez-icon icon-single-neutral mr-1\"><\/i>\n\t<a href=\"https:\/\/www.jurmalaestate.lv\/lv\/agent\/elena-eihenbaum\/\">Elena Eihenbaum<\/a> <\/div><!-- item-author -->\n\t\t\t\t<div class=\"item-date\">\n\t<i class=\"houzez-icon icon-attachment mr-1\"><\/i>\n\t1 year ago<\/div><!-- item-date -->\n\t\t\t<\/div>\n\t\t\t\t\t<\/div><!-- d-flex -->\n\t<\/div><!-- item-wrap -->\n<\/div><!-- item-listing-wrap --><div class=\"item-listing-wrap hz-item-gallery-js card\" data-hz-id=\"hz-19875\" data-images=\"[{&quot;image&quot;:&quot;https:\\\/\\\/www.jurmalaestate.lv\\\/wp-content\\\/uploads\\\/2024\\\/08\\\/1b070c30-aa53-4190-b7b1-46fca156ee4e-592x444.jpg&quot;,&quot;alt&quot;:&quot;&quot;,&quot;width&quot;:592,&quot;height&quot;:444},{&quot;image&quot;:&quot;https:\\\/\\\/www.jurmalaestate.lv\\\/wp-content\\\/uploads\\\/2024\\\/08\\\/1b070c30-aa53-4190-b7b1-46fca156ee4e-592x444.jpg&quot;,&quot;alt&quot;:&quot;&quot;,&quot;width&quot;:592,&quot;height&quot;:444},{&quot;image&quot;:&quot;https:\\\/\\\/www.jurmalaestate.lv\\\/wp-content\\\/uploads\\\/2024\\\/08\\\/bb89aaa0-d50f-4836-a9bb-2c1eafc4fe77-592x444.jpg&quot;,&quot;alt&quot;:&quot;&quot;,&quot;width&quot;:592,&quot;height&quot;:444},{&quot;image&quot;:&quot;https:\\\/\\\/www.jurmalaestate.lv\\\/wp-content\\\/uploads\\\/2024\\\/08\\\/IMG_2977-592x444.jpg&quot;,&quot;alt&quot;:&quot;&quot;,&quot;width&quot;:592,&quot;height&quot;:444},{&quot;image&quot;:&quot;https:\\\/\\\/www.jurmalaestate.lv\\\/wp-content\\\/uploads\\\/2024\\\/08\\\/IMG_2981-592x444.jpg&quot;,&quot;alt&quot;:&quot;&quot;,&quot;width&quot;:592,&quot;height&quot;:444},{&quot;image&quot;:&quot;https:\\\/\\\/www.jurmalaestate.lv\\\/wp-content\\\/uploads\\\/2024\\\/08\\\/IMG_2982-592x444.jpg&quot;,&quot;alt&quot;:&quot;&quot;,&quot;width&quot;:592,&quot;height&quot;:444},{&quot;image&quot;:&quot;https:\\\/\\\/www.jurmalaestate.lv\\\/wp-content\\\/uploads\\\/2024\\\/08\\\/IMG_2980-592x444.jpg&quot;,&quot;alt&quot;:&quot;&quot;,&quot;width&quot;:592,&quot;height&quot;:444},{&quot;image&quot;:&quot;https:\\\/\\\/www.jurmalaestate.lv\\\/wp-content\\\/uploads\\\/2024\\\/08\\\/IMG_2979-592x444.jpg&quot;,&quot;alt&quot;:&quot;&quot;,&quot;width&quot;:592,&quot;height&quot;:444},{&quot;image&quot;:&quot;https:\\\/\\\/www.jurmalaestate.lv\\\/wp-content\\\/uploads\\\/2024\\\/08\\\/\\u0421\\u043a\\u0430\\u043d-30-\\u0430\\u043f\\u0440.-2024-\\u0433.-19.13-592x444.jpg&quot;,&quot;alt&quot;:&quot;&quot;,&quot;width&quot;:592,&quot;height&quot;:444},{&quot;image&quot;:&quot;https:\\\/\\\/www.jurmalaestate.lv\\\/wp-content\\\/uploads\\\/2024\\\/08\\\/\\u0421\\u043a\\u0430\\u043d-29-\\u0430\\u043f\\u0440.-2024-\\u0433.-22.34-592x444.jpg&quot;,&quot;alt&quot;:&quot;&quot;,&quot;width&quot;:592,&quot;height&quot;:444},{&quot;image&quot;:&quot;https:\\\/\\\/www.jurmalaestate.lv\\\/wp-content\\\/uploads\\\/2024\\\/08\\\/\\u0421\\u043a\\u0430\\u043d-29-\\u0430\\u043f\\u0440.-2024-\\u0433.-22.37-592x444.jpg&quot;,&quot;alt&quot;:&quot;&quot;,&quot;width&quot;:592,&quot;height&quot;:444},{&quot;image&quot;:&quot;https:\\\/\\\/www.jurmalaestate.lv\\\/wp-content\\\/uploads\\\/2024\\\/08\\\/\\u0421\\u043a\\u0430\\u043d-30-\\u0430\\u043f\\u0440.-2024-\\u0433.-19.26-592x444.jpg&quot;,&quot;alt&quot;:&quot;&quot;,&quot;width&quot;:592,&quot;height&quot;:444}]\">\n\t<div class=\"item-wrap item-wrap-v1 item-wrap-no-frame h-100\">\n\t\t<div class=\"d-flex align-items-center h-100\">\n\t\t\t<div class=\"item-header\">\n\t\t\t\t\t\t\t\t<div class=\"labels-wrap labels-right\"> \n\n\t<a href=\"https:\/\/www.jurmalaestate.lv\/lv\/status\/pardosana\/\" class=\"label-status label status-color-31\">\n\t\t\t\t\tP\u0101rdo\u0161an\u0101\n\t\t\t\t<\/a>       \n\n<\/div>\n\t\t\t\t<ul class=\"item-price-wrap hide-on-list\">\n\t<li class=\"item-price\">\u20ac550 000\/Cena<\/li><\/ul>\t\t\t\t<ul class=\"item-tools\">\n\n        <li class=\"item-tool item-preview\">\n        <span class=\"hz-show-lightbox-js\" data-listid=\"19875\" data-toggle=\"tooltip\" data-placement=\"top\" title=\"Preview\">\n                <i class=\"houzez-icon icon-expand-3\"><\/i>   \n        <\/span><!-- item-tool-favorite -->\n    <\/li><!-- item-tool -->\n        \n        <li class=\"item-tool item-favorite\">\n        <span class=\"add-favorite-js item-tool-favorite\" data-toggle=\"tooltip\" data-placement=\"top\" title=\"Favourite\" data-listid=\"19875\">\n            <i class=\"houzez-icon icon-love-it \"><\/i> \n        <\/span><!-- item-tool-favorite -->\n    <\/li><!-- item-tool -->\n    \n        <li class=\"item-tool item-compare\">\n        <span class=\"houzez_compare compare-19875 item-tool-compare show-compare-panel\" data-toggle=\"tooltip\" data-placement=\"top\" title=\"Add to Compare\" data-listing_id=\"19875\" data-listing_image=\"https:\/\/www.jurmalaestate.lv\/wp-content\/uploads\/2024\/08\/1b070c30-aa53-4190-b7b1-46fca156ee4e-592x444.jpg\">\n            <i class=\"houzez-icon icon-add-circle\"><\/i>\n        <\/span><!-- item-tool-compare -->\n    <\/li><!-- item-tool -->\n    <\/ul><!-- item-tools -->\n\t\t\t\t<div class=\"listing-image-wrap\">\n\t<div class=\"listing-thumb\">\n\t\t<a target=_self href=\"https:\/\/www.jurmalaestate.lv\/lv\/property\/kaudzisu-7-jurmala\/\" class=\"listing-featured-thumb hover-effect\">\n\t\t\t<img decoding=\"async\" width=\"592\" height=\"444\" src=\"https:\/\/www.jurmalaestate.lv\/wp-content\/uploads\/2024\/08\/1b070c30-aa53-4190-b7b1-46fca156ee4e-592x444.jpg\" class=\"img-fluid wp-post-image\" alt=\"\" srcset=\"https:\/\/www.jurmalaestate.lv\/wp-content\/uploads\/2024\/08\/1b070c30-aa53-4190-b7b1-46fca156ee4e-592x444.jpg 592w, https:\/\/www.jurmalaestate.lv\/wp-content\/uploads\/2024\/08\/1b070c30-aa53-4190-b7b1-46fca156ee4e-584x438.jpg 584w, https:\/\/www.jurmalaestate.lv\/wp-content\/uploads\/2024\/08\/1b070c30-aa53-4190-b7b1-46fca156ee4e-120x90.jpg 120w\" sizes=\"(max-width: 592px) 100vw, 592px\" \/>\t\t<\/a><!-- hover-effect -->\n\t<\/div>\n<\/div>\n\t\t\t\t<div class=\"preview_loader\"><\/div>\n\t\t\t<\/div><!-- item-header -->\t\n\t\t\t<div class=\"item-body flex-grow-1\">\n\t\t\t\t<div class=\"labels-wrap labels-right\"> \n\n\t<a href=\"https:\/\/www.jurmalaestate.lv\/lv\/status\/pardosana\/\" class=\"label-status label status-color-31\">\n\t\t\t\t\tP\u0101rdo\u0161an\u0101\n\t\t\t\t<\/a>       \n\n<\/div>\n\t\t\t\t<h2 class=\"item-title\">\n\t<a target=_self href=\"https:\/\/www.jurmalaestate.lv\/lv\/property\/kaudzisu-7-jurmala\/\">Kaudz\u012b\u0161u 7, J\u016brmala<\/a>\n<\/h2><!-- item-title -->\t\t\t\t<ul class=\"item-price-wrap hide-on-list\">\n\t<li class=\"item-price\">\u20ac550 000\/Cena<\/li><\/ul>\t\t\t\t<address class=\"item-address\">7, Kaudz\u012b\u0161u iela, Majori, J\u016brmala, Vidzeme, LV-2015, Latvija<\/address>\t\t\t\t\t\t\t\t<ul class=\"item-amenities item-amenities-with-icons\">\n\t<li class=\"h-area\"><i class=\"houzez-icon icon-ruler-triangle mr-1\"><\/i><span class=\"hz-figure\">992<\/span> <span class=\"hz-figure area_postfix\">m\u00b2<\/span><\/li><li class=\"h-type\"><span>M\u0101ja, Zeme<\/span><\/li><\/ul>\t\t\t\t<a class=\"btn btn-primary btn-item \" target=_self href=\"https:\/\/www.jurmalaestate.lv\/lv\/property\/kaudzisu-7-jurmala\/\">\n\tDetails<\/a><!-- btn-item -->\n\t\t\t\t<div class=\"item-author\">\n\t<i class=\"houzez-icon icon-single-neutral mr-1\"><\/i>\n\t<a href=\"https:\/\/www.jurmalaestate.lv\/lv\/agent\/elena-eihenbaum\/\">Elena Eihenbaum<\/a> <\/div><!-- item-author -->\n\t\t\t\t<div class=\"item-date\">\n\t<i class=\"houzez-icon icon-attachment mr-1\"><\/i>\n\t2 years ago<\/div><!-- item-date -->\n\t\t\t<\/div><!-- item-body -->\n\n\t\t\t\t\t\t<div class=\"item-footer clearfix\">\n\t\t\t\t<div class=\"item-author\">\n\t<i class=\"houzez-icon icon-single-neutral mr-1\"><\/i>\n\t<a href=\"https:\/\/www.jurmalaestate.lv\/lv\/agent\/elena-eihenbaum\/\">Elena Eihenbaum<\/a> <\/div><!-- item-author -->\n\t\t\t\t<div class=\"item-date\">\n\t<i class=\"houzez-icon icon-attachment mr-1\"><\/i>\n\t2 years ago<\/div><!-- item-date -->\n\t\t\t<\/div>\n\t\t\t\t\t<\/div><!-- d-flex -->\n\t<\/div><!-- item-wrap -->\n<\/div><!-- item-listing-wrap -->\r\n\t\t\t<\/div><!-- listing-view -->\r\n\r\n\t\t\t\t\t<\/div><!-- property-grid-module -->\r\n\r\n\t\t\t\t<\/div>\n\t\t\t\t<\/div>\n\t\t\t\t<div class=\"elementor-element elementor-element-8c4bd71 elementor-widget elementor-widget-spacer\" data-id=\"8c4bd71\" data-element_type=\"widget\" data-widget_type=\"spacer.default\">\n\t\t\t\t<div class=\"elementor-widget-container\">\n\t\t\t\t\t<div class=\"elementor-spacer\">\n\t\t\t<div class=\"elementor-spacer-inner\"><\/div>\n\t\t<\/div>\n\t\t\t\t<\/div>\n\t\t\t\t<\/div>\n\t\t\t\t\t<\/div>\n\t\t\t\t<\/div>\n\t\t\t\t<\/div>\n\t\t","protected":false},"excerpt":{"rendered":"<p>JURMALAESTATE\u200b J\u016bsu sap\u0146u m\u0101jas vis\u0101 Latvij\u0101, kur komforts un elegance satiekas ar dabas skaistumu un piekrastes burv\u012bbu. AKTU\u0100LIE \u012aPA\u0160UMi No listing found.<\/p>\n","protected":false},"author":1,"featured_media":0,"parent":0,"menu_order":0,"comment_status":"closed","ping_status":"closed","template":"elementor_header_footer","meta":{"footnotes":""},"class_list":["post-10","page","type-page","status-publish","hentry"],"_links":{"self":[{"href":"https:\/\/www.jurmalaestate.lv\/lv\/wp-json\/wp\/v2\/pages\/10","targetHints":{"allow":["GET"]}}],"collection":[{"href":"https:\/\/www.jurmalaestate.lv\/lv\/wp-json\/wp\/v2\/pages"}],"about":[{"href":"https:\/\/www.jurmalaestate.lv\/lv\/wp-json\/wp\/v2\/types\/page"}],"author":[{"embeddable":true,"href":"https:\/\/www.jurmalaestate.lv\/lv\/wp-json\/wp\/v2\/users\/1"}],"replies":[{"embeddable":true,"href":"https:\/\/www.jurmalaestate.lv\/lv\/wp-json\/wp\/v2\/comments?post=10"}],"version-history":[{"count":21,"href":"https:\/\/www.jurmalaestate.lv\/lv\/wp-json\/wp\/v2\/pages\/10\/revisions"}],"predecessor-version":[{"id":19615,"href":"https:\/\/www.jurmalaestate.lv\/lv\/wp-json\/wp\/v2\/pages\/10\/revisions\/19615"}],"wp:attachment":[{"href":"https:\/\/www.jurmalaestate.lv\/lv\/wp-json\/wp\/v2\/media?parent=10"}],"curies":[{"name":"wp","href":"https:\/\/api.w.org\/{rel}","templated":true}]}}