{"id":18912,"date":"2024-06-20T18:13:36","date_gmt":"2024-06-20T15:13:36","guid":{"rendered":"https:\/\/www.jurmalaestate.lv\/?page_id=18912"},"modified":"2024-06-20T18:13:37","modified_gmt":"2024-06-20T15:13:37","slug":"meklesanas-rezultati","status":"publish","type":"page","link":"https:\/\/www.jurmalaestate.lv\/lv\/meklesanas-rezultati\/","title":{"rendered":"Mekl\u0113\u0161anas rezult\u0101ti"},"content":{"rendered":"","protected":false},"excerpt":{"rendered":"","protected":false},"author":2,"featured_media":0,"parent":0,"menu_order":0,"comment_status":"closed","ping_status":"closed","template":"template\/template-search.php","meta":{"footnotes":""},"class_list":["post-18912","page","type-page","status-publish","hentry"],"_links":{"self":[{"href":"https:\/\/www.jurmalaestate.lv\/lv\/wp-json\/wp\/v2\/pages\/18912","targetHints":{"allow":["GET"]}}],"collection":[{"href":"https:\/\/www.jurmalaestate.lv\/lv\/wp-json\/wp\/v2\/pages"}],"about":[{"href":"https:\/\/www.jurmalaestate.lv\/lv\/wp-json\/wp\/v2\/types\/page"}],"author":[{"embeddable":true,"href":"https:\/\/www.jurmalaestate.lv\/lv\/wp-json\/wp\/v2\/users\/2"}],"replies":[{"embeddable":true,"href":"https:\/\/www.jurmalaestate.lv\/lv\/wp-json\/wp\/v2\/comments?post=18912"}],"version-history":[{"count":1,"href":"https:\/\/www.jurmalaestate.lv\/lv\/wp-json\/wp\/v2\/pages\/18912\/revisions"}],"predecessor-version":[{"id":18913,"href":"https:\/\/www.jurmalaestate.lv\/lv\/wp-json\/wp\/v2\/pages\/18912\/revisions\/18913"}],"wp:attachment":[{"href":"https:\/\/www.jurmalaestate.lv\/lv\/wp-json\/wp\/v2\/media?parent=18912"}],"curies":[{"name":"wp","href":"https:\/\/api.w.org\/{rel}","templated":true}]}}